{"id":569,"date":"2021-01-10T18:41:47","date_gmt":"2021-01-10T18:41:47","guid":{"rendered":"http:\/\/cursos.lomaseir.com\/index.php\/membership-login\/password-reset"},"modified":"2023-02-28T09:22:26","modified_gmt":"2023-02-28T09:22:26","slug":"password-reset","status":"publish","type":"page","link":"http:\/\/cursos.lomaseir.com\/index.php\/membership-login\/password-reset","title":{"rendered":"Restablecer la contrase\u00f1a"},"content":{"rendered":"\t\t<div data-elementor-type=\"wp-page\" data-elementor-id=\"569\" class=\"elementor elementor-569\">\n\t\t\t\t\t\t<div class=\"elementor-inner\">\n\t\t\t\t<div class=\"elementor-section-wrap\">\n\t\t\t\t\t\t\t\t\t<section class=\"elementor-section elementor-top-section elementor-element elementor-element-c76b16b elementor-section-boxed elementor-section-height-default elementor-section-height-default\" data-id=\"c76b16b\" data-element_type=\"section\">\n\t\t\t\t\t\t<div class=\"elementor-container elementor-column-gap-default\">\n\t\t\t\t\t\t\t<div class=\"elementor-row\">\n\t\t\t\t\t<div class=\"elementor-column elementor-col-100 elementor-top-column elementor-element elementor-element-30256af3\" data-id=\"30256af3\" data-element_type=\"column\">\n\t\t\t<div class=\"elementor-column-wrap elementor-element-populated\">\n\t\t\t\t\t\t\t<div class=\"elementor-widget-wrap\">\n\t\t\t\t\t\t<div class=\"elementor-element elementor-element-aa7fdf2 elementor-widget elementor-widget-shortcode\" data-id=\"aa7fdf2\" data-element_type=\"widget\" data-widget_type=\"shortcode.default\">\n\t\t\t\t<div class=\"elementor-widget-container\">\n\t\t\t\t\t<div class=\"elementor-shortcode\"><div class=\"swpm-pw-reset-widget-form\">\r\n    <form id=\"swpm-pw-reset-form\" name=\"swpm-reset-form\" method=\"post\" action=\"\">\r\n        <div class=\"swpm-pw-reset-widget-inside\">\r\n            <div class=\"swpm-pw-reset-email swpm-margin-top-10\">\r\n                <label for=\"swpm_reset_email\" class=\"swpm_label swpm-pw-reset-email-label\">Direcci\u00f3n de correo electr\u00f3nico<\/label>\r\n            <\/div>\r\n            <div class=\"swpm-pw-reset-email-input swpm-margin-top-10\">\r\n                <input type=\"text\" name=\"swpm_reset_email\" class=\"swpm-text-field swpm-pw-reset-text\" id=\"swpm_reset_email\"  value=\"\" size=\"60\" \/>\r\n            <\/div>\r\n            <div class=\"swpm-before-login-submit-section swpm-margin-top-10\"><\/div>\r\n            <div class=\"swpm-pw-reset-submit-button swpm-margin-top-10\">\r\n                <input type=\"submit\" name=\"swpm-reset\" class=\"swpm-pw-reset-submit\" value=\"Restablecer la contrase\u00f1a\" \/>\r\n            <\/div>\r\n        <\/div>\r\n    <\/form>\r\n<\/div>\r\n<\/div>\n\t\t\t\t<\/div>\n\t\t\t\t<\/div>\n\t\t\t\t\t\t<\/div>\n\t\t\t\t\t<\/div>\n\t\t<\/div>\n\t\t\t\t\t\t\t\t<\/div>\n\t\t\t\t\t<\/div>\n\t\t<\/section>\n\t\t\t\t<section class=\"elementor-section elementor-top-section elementor-element elementor-element-4fbcc5f elementor-section-boxed elementor-section-height-default elementor-section-height-default\" data-id=\"4fbcc5f\" data-element_type=\"section\">\n\t\t\t\t\t\t<div class=\"elementor-container elementor-column-gap-default\">\n\t\t\t\t\t\t\t<div class=\"elementor-row\">\n\t\t\t\t\t<div class=\"elementor-column elementor-col-100 elementor-top-column elementor-element elementor-element-bdc43a8\" data-id=\"bdc43a8\" data-element_type=\"column\">\n\t\t\t<div class=\"elementor-column-wrap elementor-element-populated\">\n\t\t\t\t\t\t\t<div class=\"elementor-widget-wrap\">\n\t\t\t\t\t\t<div class=\"elementor-element elementor-element-6864b33 elementor-widget elementor-widget-heading\" data-id=\"6864b33\" data-element_type=\"widget\" data-widget_type=\"heading.default\">\n\t\t\t\t<div class=\"elementor-widget-container\">\n\t\t\t<h5 class=\"elementor-heading-title elementor-size-default\">Si es la primera vez que entras al curso, por favor, restablece la contrase\u00f1a para tener acceso. Recibir\u00e1s un email con las intrucciones para acceder. \n\nSi tienes cualquier duda, ll\u00e1manos al 91 536 0827<\/h5>\t\t<\/div>\n\t\t\t\t<\/div>\n\t\t\t\t\t\t<\/div>\n\t\t\t\t\t<\/div>\n\t\t<\/div>\n\t\t\t\t\t\t\t\t<\/div>\n\t\t\t\t\t<\/div>\n\t\t<\/section>\n\t\t\t\t\t\t\t\t\t<\/div>\n\t\t\t<\/div>\n\t\t\t\t\t<\/div>\n\t\t","protected":false},"excerpt":{"rendered":"<p>Si es la primera vez que entras al curso, por favor, restablece la contrase\u00f1a para tener acceso. Recibir\u00e1s un email con las intrucciones para acceder. Si tienes cualquier duda, ll\u00e1manos al 91 536 0827<\/p>\n","protected":false},"author":1,"featured_media":0,"parent":567,"menu_order":0,"comment_status":"closed","ping_status":"closed","template":"","meta":[],"_links":{"self":[{"href":"http:\/\/cursos.lomaseir.com\/index.php\/wp-json\/wp\/v2\/pages\/569"}],"collection":[{"href":"http:\/\/cursos.lomaseir.com\/index.php\/wp-json\/wp\/v2\/pages"}],"about":[{"href":"http:\/\/cursos.lomaseir.com\/index.php\/wp-json\/wp\/v2\/types\/page"}],"author":[{"embeddable":true,"href":"http:\/\/cursos.lomaseir.com\/index.php\/wp-json\/wp\/v2\/users\/1"}],"replies":[{"embeddable":true,"href":"http:\/\/cursos.lomaseir.com\/index.php\/wp-json\/wp\/v2\/comments?post=569"}],"version-history":[{"count":5,"href":"http:\/\/cursos.lomaseir.com\/index.php\/wp-json\/wp\/v2\/pages\/569\/revisions"}],"predecessor-version":[{"id":2199,"href":"http:\/\/cursos.lomaseir.com\/index.php\/wp-json\/wp\/v2\/pages\/569\/revisions\/2199"}],"up":[{"embeddable":true,"href":"http:\/\/cursos.lomaseir.com\/index.php\/wp-json\/wp\/v2\/pages\/567"}],"wp:attachment":[{"href":"http:\/\/cursos.lomaseir.com\/index.php\/wp-json\/wp\/v2\/media?parent=569"}],"curies":[{"name":"wp","href":"https:\/\/api.w.org\/{rel}","templated":true}]}}